{"id":97,"date":"2018-11-22T18:23:25","date_gmt":"2018-11-22T18:23:25","guid":{"rendered":"http:\/\/www.seguridadar.com\/?page_id=97"},"modified":"2021-05-22T03:33:25","modified_gmt":"2021-05-22T03:33:25","slug":"productos-que-representamos","status":"publish","type":"page","link":"https:\/\/www.seguridadar.com\/?page_id=97","title":{"rendered":"Productos"},"content":{"rendered":"<p>[et_pb_section fb_built=&#8221;1&#8243; fullwidth=&#8221;on&#8221; admin_label=&#8221;Hero&#8221; _builder_version=&#8221;3.22&#8243; use_background_color_gradient=&#8221;on&#8221; background_color_gradient_end=&#8221;#15314e&#8221; parallax=&#8221;on&#8221; custom_padding=&#8221;0|0|0|0px|false|false&#8221;][et_pb_fullwidth_header title=&#8221;Productos que representamos&#8221; text_orientation=&#8221;center&#8221; admin_label=&#8221;Fullwidth Header&#8221; _builder_version=&#8221;3.16&#8243; title_font=&#8221;Share Tech||||||||&#8221; title_text_align=&#8221;center&#8221; title_font_size=&#8221;80px&#8221; title_line_height=&#8221;1.2em&#8221; content_font=&#8221;Open Sans||||||||&#8221; content_text_align=&#8221;center&#8221; content_font_size=&#8221;18px&#8221; content_line_height=&#8221;1.8em&#8221; background_color=&#8221;rgba(0,0,0,0)&#8221; background_color_gradient_direction=&#8221;140deg&#8221; parallax=&#8221;on&#8221; parallax_method=&#8221;on&#8221; custom_button_one=&#8221;on&#8221; button_one_text_size=&#8221;15px&#8221; button_one_bg_color=&#8221;#ffa727&#8243; button_one_border_width=&#8221;15px&#8221; button_one_border_color=&#8221;#ffa727&#8243; button_one_border_radius=&#8221;100px&#8221; button_one_letter_spacing=&#8221;5px&#8221; button_one_font=&#8221;Open Sans|700||on|||||&#8221; custom_margin=&#8221;|||&#8221; custom_padding=&#8221;7vw||7vw||true&#8221; custom_padding_tablet=&#8221;100px||100px||true&#8221; custom_padding_phone=&#8221;|||&#8221; custom_padding_last_edited=&#8221;on|desktop&#8221; title_font_size_tablet=&#8221;60px&#8221; title_font_size_phone=&#8221;36px&#8221; title_font_size_last_edited=&#8221;on|phone&#8221; content_font_size_tablet=&#8221;&#8221; content_font_size_phone=&#8221;16px&#8221; content_font_size_last_edited=&#8221;on|phone&#8221; button_one_text_size_tablet=&#8221;&#8221; button_one_text_size_phone=&#8221;&#8221; button_one_text_size_last_edited=&#8221;on|desktop&#8221; button_one_border_color_hover=&#8221;#ff8a3d&#8221; button_one_border_radius_hover=&#8221;100px&#8221; button_one_letter_spacing_hover=&#8221;5px&#8221; button_one_bg_color_hover=&#8221;#ff8a3d&#8221; button_one_text_size__hover_enabled=&#8221;off&#8221; button_two_text_size__hover_enabled=&#8221;off&#8221; button_one_text_color__hover_enabled=&#8221;off&#8221; button_two_text_color__hover_enabled=&#8221;off&#8221; button_one_border_width__hover_enabled=&#8221;off&#8221; button_two_border_width__hover_enabled=&#8221;off&#8221; button_one_border_color__hover_enabled=&#8221;on&#8221; button_one_border_color__hover=&#8221;#ff8a3d&#8221; button_two_border_color__hover_enabled=&#8221;off&#8221; button_one_border_radius__hover_enabled=&#8221;on&#8221; button_one_border_radius__hover=&#8221;100px&#8221; button_two_border_radius__hover_enabled=&#8221;off&#8221; button_one_letter_spacing__hover_enabled=&#8221;on&#8221; button_one_letter_spacing__hover=&#8221;5px&#8221; button_two_letter_spacing__hover_enabled=&#8221;off&#8221; button_one_bg_color__hover_enabled=&#8221;on&#8221; button_one_bg_color__hover=&#8221;#ff8a3d&#8221; button_two_bg_color__hover_enabled=&#8221;off&#8221;][\/et_pb_fullwidth_header][\/et_pb_section][et_pb_section fb_built=&#8221;1&#8243; admin_label=&#8221;Our Approach&#8221; _builder_version=&#8221;3.22&#8243; custom_padding=&#8221;0|0px|24px|0px|false|false&#8221;][et_pb_row column_structure=&#8221;1_3,1_3,1_3&#8243; make_equal=&#8221;on&#8221; _builder_version=&#8221;4.9.4&#8243; module_alignment=&#8221;center&#8221; custom_padding=&#8221;53px|||||&#8221;][et_pb_column type=&#8221;1_3&#8243; _builder_version=&#8221;3.25&#8243; custom_padding=&#8221;|||&#8221; custom_padding__hover=&#8221;|||&#8221;][et_pb_image src=&#8221;https:\/\/www.seguridadar.com\/wp-content\/uploads\/2021\/04\/BeyondTrust_Horiz.png&#8221; title_text=&#8221;BeyondTrust_Horiz&#8221; align=&#8221;center&#8221; align_tablet=&#8221;center&#8221; align_phone=&#8221;&#8221; align_last_edited=&#8221;on|desktop&#8221; _builder_version=&#8221;4.9.4&#8243; module_alignment=&#8221;center&#8221;][\/et_pb_image][et_pb_text _builder_version=&#8221;4.9.4&#8243; text_font=&#8221;||||||||&#8221; text_font_size=&#8221;16px&#8221; link_option_url=&#8221;https:\/\/www.seguridadar.com\/?page_id=1083&#8243;]<\/p>\n<p><strong>PowerBoker<\/strong> lidera la Gesti\u00f3n exitosa de Cuentas Privilegiadas en infraestructuras de TI, y la Detecci\u00f3n y Gesti\u00f3n de Vulnerabilidades de Seguridad de la Informaci\u00f3n.<br \/><strong><\/strong><\/p>\n<p><a href=\"https:\/\/www.seguridadar.com\/?page_id=1083\"><strong>Conozca todos los productos de BeyondTrust<\/strong><\/a><\/p>\n<p>[\/et_pb_text][\/et_pb_column][et_pb_column type=&#8221;1_3&#8243; _builder_version=&#8221;3.25&#8243; custom_padding=&#8221;|||&#8221; custom_padding__hover=&#8221;|||&#8221;][et_pb_image src=&#8221;https:\/\/www.seguridadar.com\/wp-content\/uploads\/2021\/04\/Tenable-1.png&#8221; title_text=&#8221;Tenable 1&#8243; align=&#8221;center&#8221; align_tablet=&#8221;center&#8221; align_phone=&#8221;&#8221; align_last_edited=&#8221;on|desktop&#8221; _builder_version=&#8221;4.9.3&#8243; module_alignment=&#8221;center&#8221;][\/et_pb_image][et_pb_text _builder_version=&#8221;4.9.4&#8243; text_font=&#8221;||||||||&#8221; text_font_size=&#8221;16px&#8221; custom_margin=&#8221;-14px|||&#8221; link_option_url=&#8221;https:\/\/www.seguridadar.com\/?page_id=1185#tenable&#8221;]<\/p>\n<p><strong>La Cyber Exposure Platform de Tenable<\/strong> le proporciona todo el conocimiento, la investigaci\u00f3n y los datos que necesita para descubrir las debilidades en toda su superficie de ataque.<br \/><strong><\/strong><\/p>\n<p><a href=\"https:\/\/www.seguridadar.com\/?page_id=1185#tenable\"><strong>Vea m\u00e1s sobre los productos de Tenable<\/strong><\/a><\/p>\n<p>[\/et_pb_text][\/et_pb_column][et_pb_column type=&#8221;1_3&#8243; _builder_version=&#8221;3.25&#8243; custom_padding=&#8221;|||&#8221; custom_padding__hover=&#8221;|||&#8221;][et_pb_image src=&#8221;https:\/\/www.seguridadar.com\/wp-content\/uploads\/2021\/04\/cygna.png&#8221; title_text=&#8221;cygna&#8221; align=&#8221;center&#8221; align_tablet=&#8221;center&#8221; align_phone=&#8221;&#8221; align_last_edited=&#8221;on|desktop&#8221; _builder_version=&#8221;4.9.4&#8243; module_alignment=&#8221;center&#8221;][\/et_pb_image][et_pb_text _builder_version=&#8221;4.9.4&#8243; text_font=&#8221;||||||||&#8221; text_font_size=&#8221;16px&#8221; custom_margin=&#8221;-14px|||&#8221; link_option_url=&#8221;https:\/\/www.seguridadar.com\/?page_id=1185#cygna&#8221;]<\/p>\n<p><strong>Cygna Labs<\/strong> es un proveedor l\u00edder de soluciones de cumplimiento que otorgan una visibilidad incomparable en las infraestructuras de TI h\u00edbridas y de m\u00faltiples nubes.<br \/><strong><\/strong><\/p>\n<p><a href=\"https:\/\/www.seguridadar.com\/?page_id=1185#cygna\"><strong>Conozca m\u00e1s sobre <span>Cygna Auditor<\/span><\/strong><\/a><\/p>\n<p>[\/et_pb_text][\/et_pb_column][\/et_pb_row][et_pb_row column_structure=&#8221;1_2,1_2&#8243; make_equal=&#8221;on&#8221; _builder_version=&#8221;4.9.4&#8243; module_alignment=&#8221;center&#8221; custom_margin=&#8221;||60px||false|false&#8221;][et_pb_column type=&#8221;1_2&#8243; _builder_version=&#8221;3.25&#8243; custom_padding=&#8221;|||&#8221; custom_padding__hover=&#8221;|||&#8221;][et_pb_image src=&#8221;https:\/\/www.seguridadar.com\/wp-content\/uploads\/2021\/05\/revelock.jpg&#8221; title_text=&#8221;revelock&#8221; align=&#8221;center&#8221; align_tablet=&#8221;center&#8221; align_phone=&#8221;&#8221; align_last_edited=&#8221;on|desktop&#8221; _builder_version=&#8221;4.9.4&#8243; max_width=&#8221;62%&#8221; module_alignment=&#8221;center&#8221;][\/et_pb_image][et_pb_text _builder_version=&#8221;4.9.4&#8243; text_font=&#8221;||||||||&#8221; text_font_size=&#8221;16px&#8221; custom_margin=&#8221;-14px|||&#8221; link_option_url=&#8221;https:\/\/www.seguridadar.com\/?page_id=1141#revelock&#8221;]<\/p>\n<p><span style=\"font-size: 16px;\"><strong><span>Revelock <\/span><\/strong>ayuda a proteger a m\u00e1s de 50 millones de clientes bancarios en todo el mundo a trav\u00e9s de la soluci\u00f3n m\u00e1s completa para la prevenci\u00f3n del fraude online.<\/span><\/p>\n<p><a href=\"https:\/\/www.seguridadar.com\/?page_id=1141#revelock\"><span style=\"font-size: 16px;\"><strong>Conozca <span>Revelock Fraud Detection &amp; Response Platform<\/span><\/strong><\/span><\/a><\/p>\n<p>[\/et_pb_text][\/et_pb_column][et_pb_column type=&#8221;1_2&#8243; _builder_version=&#8221;3.25&#8243; custom_padding=&#8221;|||&#8221; custom_padding__hover=&#8221;|||&#8221;][et_pb_image src=&#8221;https:\/\/www.seguridadar.com\/wp-content\/uploads\/2021\/04\/Blueliv.png&#8221; title_text=&#8221;Blueliv&#8221; align=&#8221;center&#8221; align_tablet=&#8221;center&#8221; align_phone=&#8221;&#8221; align_last_edited=&#8221;on|desktop&#8221; _builder_version=&#8221;4.9.4&#8243; max_width=&#8221;54%&#8221; module_alignment=&#8221;center&#8221;][\/et_pb_image][et_pb_text _builder_version=&#8221;4.9.4&#8243; text_font=&#8221;||||||||&#8221; text_font_size=&#8221;16px&#8221; custom_margin=&#8221;-14px|||&#8221;]<\/p>\n<p><strong>Blueliv<\/strong> es el principal proveedor de inteligencia sobre ciberamenazas de Europa.\u00a0 Utiliza inteligencia de amenazas actualizada, automatizada y procesable para proteger la empresa y administrar su riesgo digital.<br \/><strong><\/strong><\/p>\n<p><a href=\"https:\/\/www.seguridadar.com\/?page_id=1141#blueliv\"><strong>Sepa m\u00e1s sobre <span>Threat Compass y todos sus m\u00f3dulos<\/span><\/strong><\/a><\/p>\n<p>[\/et_pb_text][\/et_pb_column][\/et_pb_row][\/et_pb_section][et_pb_section fb_built=&#8221;1&#8243; custom_padding_last_edited=&#8221;off|desktop&#8221; admin_label=&#8221;Footer&#8221; _builder_version=&#8221;3.22&#8243; use_background_color_gradient=&#8221;on&#8221; background_color_gradient_start=&#8221;#004872&#8243; background_color_gradient_end=&#8221;rgba(41,17,96,0.8)&#8221; background_color_gradient_direction=&#8221;140deg&#8221; background_color_gradient_overlays_image=&#8221;on&#8221; background_image=&#8221;https:\/\/www.seguridadar.com\/wp-content\/uploads\/2018\/10\/it-services-04.jpg&#8221; custom_margin=&#8221;|||&#8221; custom_padding=&#8221;120px|0px|120px|0px|true|false&#8221; custom_padding_tablet=&#8221;10vw||10vw||true&#8221; custom_padding_phone=&#8221;5vw||5vw||true&#8221; locked=&#8221;off&#8221;][et_pb_row column_structure=&#8221;2_3,1_3&#8243; use_custom_gutter=&#8221;on&#8221; _builder_version=&#8221;3.25&#8243; custom_padding=&#8221;27px|0px|13px|0px|false|false&#8221; use_custom_width=&#8221;on&#8221;][et_pb_column type=&#8221;2_3&#8243; _builder_version=&#8221;3.25&#8243; custom_padding=&#8221;|||&#8221; custom_padding__hover=&#8221;|||&#8221;][et_pb_contact_form captcha=&#8221;off&#8221; email=&#8221; info@seguridadar.com&#8221; title=&#8221;\u00a1Estamos aqu\u00ed para ayudarlo!&#8221; success_message=&#8221;Su mensaje ha sido enviado con \u00e9xito. En breve lo contactaremos.&#8221; submit_button_text=&#8221;ENVIAR&#8221; module_id=&#8221;et_pb_contact_form_0&#8243; _builder_version=&#8221;3.23&#8243; form_field_background_color=&#8221;rgba(255,255,255,0.07)&#8221; form_field_text_color=&#8221;#ffffff&#8221; title_level=&#8221;h2&#8243; title_font=&#8221;Share Tech||||||||&#8221; title_text_color=&#8221;#ffffff&#8221; title_font_size=&#8221;50px&#8221; title_line_height=&#8221;1.2em&#8221; form_field_font=&#8221;|700|||||||&#8221; form_field_font_size=&#8221;18px&#8221; form_field_letter_spacing=&#8221;2px&#8221; form_field_line_height=&#8221;1.8em&#8221; custom_button=&#8221;on&#8221; button_text_size=&#8221;15px&#8221; button_text_color=&#8221;#ffffff&#8221; button_bg_color=&#8221;#ffa727&#8243; button_border_width=&#8221;10px&#8221; button_border_color=&#8221;#ffa727&#8243; button_border_radius=&#8221;100px&#8221; button_letter_spacing=&#8221;5px&#8221; button_font=&#8221;Open Sans|700||on|||||&#8221; button_use_icon=&#8221;off&#8221; button_text_size_last_edited=&#8221;off|desktop&#8221; border_width_bottom=&#8221;2px&#8221; border_color_bottom=&#8221;#ffffff&#8221; form_background_color=&#8221;rgba(255,255,255,0.07)&#8221; button_bg_color_hover=&#8221;#ff8a3d&#8221; button_border_color_hover=&#8221;#ff8a3d&#8221; button_border_radius_hover=&#8221;100px&#8221; button_letter_spacing_hover=&#8221;5px&#8221;][et_pb_contact_field field_id=&#8221;Name&#8221; field_title=&#8221;Nombre&#8221; _builder_version=&#8221;3.16&#8243; button_text_size__hover_enabled=&#8221;off&#8221; button_one_text_size__hover_enabled=&#8221;off&#8221; button_two_text_size__hover_enabled=&#8221;off&#8221; button_text_color__hover_enabled=&#8221;off&#8221; button_one_text_color__hover_enabled=&#8221;off&#8221; button_two_text_color__hover_enabled=&#8221;off&#8221; button_border_width__hover_enabled=&#8221;off&#8221; button_one_border_width__hover_enabled=&#8221;off&#8221; button_two_border_width__hover_enabled=&#8221;off&#8221; button_border_color__hover_enabled=&#8221;off&#8221; button_one_border_color__hover_enabled=&#8221;off&#8221; button_two_border_color__hover_enabled=&#8221;off&#8221; button_border_radius__hover_enabled=&#8221;off&#8221; button_one_border_radius__hover_enabled=&#8221;off&#8221; button_two_border_radius__hover_enabled=&#8221;off&#8221; button_letter_spacing__hover_enabled=&#8221;off&#8221; button_one_letter_spacing__hover_enabled=&#8221;off&#8221; button_two_letter_spacing__hover_enabled=&#8221;off&#8221; button_bg_color__hover_enabled=&#8221;off&#8221; button_one_bg_color__hover_enabled=&#8221;off&#8221; button_two_bg_color__hover_enabled=&#8221;off&#8221;][\/et_pb_contact_field][et_pb_contact_field field_id=&#8221;Email&#8221; field_title=&#8221;Correo electr\u00f3nico&#8221; field_type=&#8221;email&#8221; _builder_version=&#8221;3.19.5&#8243; button_text_size__hover_enabled=&#8221;off&#8221; button_one_text_size__hover_enabled=&#8221;off&#8221; button_two_text_size__hover_enabled=&#8221;off&#8221; button_text_color__hover_enabled=&#8221;off&#8221; button_one_text_color__hover_enabled=&#8221;off&#8221; button_two_text_color__hover_enabled=&#8221;off&#8221; button_border_width__hover_enabled=&#8221;off&#8221; button_one_border_width__hover_enabled=&#8221;off&#8221; button_two_border_width__hover_enabled=&#8221;off&#8221; button_border_color__hover_enabled=&#8221;off&#8221; button_one_border_color__hover_enabled=&#8221;off&#8221; button_two_border_color__hover_enabled=&#8221;off&#8221; button_border_radius__hover_enabled=&#8221;off&#8221; button_one_border_radius__hover_enabled=&#8221;off&#8221; button_two_border_radius__hover_enabled=&#8221;off&#8221; button_letter_spacing__hover_enabled=&#8221;off&#8221; button_one_letter_spacing__hover_enabled=&#8221;off&#8221; button_two_letter_spacing__hover_enabled=&#8221;off&#8221; button_bg_color__hover_enabled=&#8221;off&#8221; button_one_bg_color__hover_enabled=&#8221;off&#8221; button_two_bg_color__hover_enabled=&#8221;off&#8221;][\/et_pb_contact_field][et_pb_contact_field field_id=&#8221;Field_4&#8243; field_title=&#8221;Empresa&#8221; fullwidth_field=&#8221;on&#8221; _builder_version=&#8221;3.19.5&#8243;][\/et_pb_contact_field][et_pb_contact_field field_id=&#8221;Message&#8221; field_title=&#8221;Escriba su consulta&#8221; field_type=&#8221;text&#8221; fullwidth_field=&#8221;on&#8221; _builder_version=&#8221;3.16&#8243; button_text_size__hover_enabled=&#8221;off&#8221; button_one_text_size__hover_enabled=&#8221;off&#8221; button_two_text_size__hover_enabled=&#8221;off&#8221; button_text_color__hover_enabled=&#8221;off&#8221; button_one_text_color__hover_enabled=&#8221;off&#8221; button_two_text_color__hover_enabled=&#8221;off&#8221; button_border_width__hover_enabled=&#8221;off&#8221; button_one_border_width__hover_enabled=&#8221;off&#8221; button_two_border_width__hover_enabled=&#8221;off&#8221; button_border_color__hover_enabled=&#8221;off&#8221; button_one_border_color__hover_enabled=&#8221;off&#8221; button_two_border_color__hover_enabled=&#8221;off&#8221; button_border_radius__hover_enabled=&#8221;off&#8221; button_one_border_radius__hover_enabled=&#8221;off&#8221; button_two_border_radius__hover_enabled=&#8221;off&#8221; button_letter_spacing__hover_enabled=&#8221;off&#8221; button_one_letter_spacing__hover_enabled=&#8221;off&#8221; button_two_letter_spacing__hover_enabled=&#8221;off&#8221; button_bg_color__hover_enabled=&#8221;off&#8221; button_one_bg_color__hover_enabled=&#8221;off&#8221; button_two_bg_color__hover_enabled=&#8221;off&#8221;][\/et_pb_contact_field][\/et_pb_contact_form][\/et_pb_column][et_pb_column type=&#8221;1_3&#8243; _builder_version=&#8221;3.25&#8243; custom_padding=&#8221;120px|||&#8221; custom_padding_tablet=&#8221;0px|||&#8221; custom_padding_phone=&#8221;&#8221; custom_padding_last_edited=&#8221;on|tablet&#8221; custom_padding__hover=&#8221;|||&#8221;][et_pb_blurb title=&#8221;Nuestras Oficinas&#8221; use_icon=&#8221;on&#8221; font_icon=&#8221;%%249%%&#8221; icon_color=&#8221;#ffa727&#8243; icon_placement=&#8221;left&#8221; content_max_width=&#8221;1100px&#8221; use_icon_font_size=&#8221;on&#8221; icon_font_size=&#8221;28px&#8221; _builder_version=&#8221;3.8&#8243; header_font=&#8221;Share Tech||||||||&#8221; header_font_size=&#8221;24px&#8221; header_line_height=&#8221;1.2em&#8221; body_font=&#8221;Open Sans||||||||&#8221; body_font_size=&#8221;16px&#8221; body_line_height=&#8221;1.8em&#8221; background_layout=&#8221;dark&#8221; custom_padding=&#8221;|||&#8221; animation_style=&#8221;fold&#8221; animation_delay=&#8221;150ms&#8221; animation=&#8221;off&#8221; locked=&#8221;off&#8221;]<\/p>\n<p>Av. Cabildo 1030, (C1426AAX), C.A.B.A., Argentina.<\/p>\n<p>[\/et_pb_blurb][et_pb_blurb title=&#8221;Horario&#8221; use_icon=&#8221;on&#8221; font_icon=&#8221;%%227%%&#8221; icon_color=&#8221;#ffa727&#8243; icon_placement=&#8221;left&#8221; content_max_width=&#8221;1100px&#8221; use_icon_font_size=&#8221;on&#8221; icon_font_size=&#8221;28px&#8221; _builder_version=&#8221;3.8&#8243; header_font=&#8221;Share Tech||||||||&#8221; header_font_size=&#8221;24px&#8221; header_line_height=&#8221;1.2em&#8221; body_font=&#8221;Open Sans||||||||&#8221; body_font_size=&#8221;16px&#8221; body_line_height=&#8221;1.8em&#8221; background_layout=&#8221;dark&#8221; custom_padding=&#8221;|||&#8221; animation_style=&#8221;fold&#8221; animation_delay=&#8221;150ms&#8221; animation=&#8221;off&#8221; locked=&#8221;off&#8221;]L-V: 9 am &#8211; 6 pm<br \/>\n[\/et_pb_blurb][et_pb_blurb title=&#8221;Ll\u00e1menos&#8221; use_icon=&#8221;on&#8221; font_icon=&#8221;%%264%%&#8221; icon_color=&#8221;#ffa727&#8243; icon_placement=&#8221;left&#8221; content_max_width=&#8221;1100px&#8221; use_icon_font_size=&#8221;on&#8221; icon_font_size=&#8221;28px&#8221; _builder_version=&#8221;3.8&#8243; header_font=&#8221;Share Tech||||||||&#8221; header_font_size=&#8221;24px&#8221; header_line_height=&#8221;1.2em&#8221; body_font=&#8221;Open Sans||||||||&#8221; body_font_size=&#8221;16px&#8221; body_line_height=&#8221;1.8em&#8221; background_layout=&#8221;dark&#8221; custom_padding=&#8221;|||&#8221; animation_style=&#8221;fold&#8221; animation_delay=&#8221;150ms&#8221; animation=&#8221;off&#8221; locked=&#8221;off&#8221;]+ 54 11 4784-4352<br \/>\n[\/et_pb_blurb][\/et_pb_column][\/et_pb_row][\/et_pb_section][et_pb_section fb_built=&#8221;1&#8243; _builder_version=&#8221;3.22&#8243; background_color=&#8221;#171717&#8243; custom_padding=&#8221;0px||0px|||&#8221;][et_pb_row _builder_version=&#8221;3.25&#8243;][et_pb_column type=&#8221;4_4&#8243; _builder_version=&#8221;3.25&#8243; custom_padding=&#8221;|||&#8221; custom_padding__hover=&#8221;|||&#8221;][et_pb_text _builder_version=&#8221;4.9.4&#8243; custom_margin=&#8221;-13px|||||&#8221; custom_padding=&#8221;0px|||||&#8221;]<\/p>\n<p style=\"text-align: center;\"><span style=\"color: #ffffff;\">Copyright \u00a9 2021 Seguridad Inform\u00e1tica SRL |\u00a0 <\/span><a href=\"mailto:info@seguridadar.com\" data-rawhref=\"mailto:info@seguridadar.com\" target=\"_blank\" rel=\"noopener noreferrer\" style=\"font-size: 14px; color: #ffffff;\">info@seguridadar.com<\/a><\/p>\n<p style=\"text-align: center;\"><span color=\"#ffffff\" style=\"color: #ffffff;\">Dise\u00f1ado por <a href=\"https:\/\/www.juicyminds.com.ar\/\">Juicy Minds<\/a><\/span><\/p>\n<p>[\/et_pb_text][\/et_pb_column][\/et_pb_row][\/et_pb_section]<\/p>\n","protected":false},"excerpt":{"rendered":"<p>PowerBoker lidera la Gesti\u00f3n exitosa de Cuentas Privilegiadas en infraestructuras de TI, y la Detecci\u00f3n y Gesti\u00f3n de Vulnerabilidades de Seguridad de la Informaci\u00f3n. Conozca todos los productos de BeyondTrustLa Cyber Exposure Platform de Tenable le proporciona todo el conocimiento, la investigaci\u00f3n y los datos que necesita para descubrir las debilidades en toda su superficie [&hellip;]<\/p>\n","protected":false},"author":1,"featured_media":0,"parent":0,"menu_order":0,"comment_status":"closed","ping_status":"closed","template":"","meta":{"_et_pb_use_builder":"on","_et_pb_old_content":"","_et_gb_content_width":"","footnotes":""},"class_list":["post-97","page","type-page","status-publish","hentry"],"yoast_head":"<!-- This site is optimized with the Yoast SEO plugin v27.5 - https:\/\/yoast.com\/product\/yoast-seo-wordpress\/ -->\n<title>Productos - Seguridad Informatica<\/title>\n<meta name=\"robots\" content=\"index, follow, max-snippet:-1, max-image-preview:large, max-video-preview:-1\" \/>\n<link rel=\"canonical\" href=\"https:\/\/www.seguridadar.com\/?page_id=97\" \/>\n<meta property=\"og:locale\" content=\"en_US\" \/>\n<meta property=\"og:type\" content=\"article\" \/>\n<meta property=\"og:title\" content=\"Productos - Seguridad Informatica\" \/>\n<meta property=\"og:description\" content=\"PowerBoker lidera la Gesti\u00f3n exitosa de Cuentas Privilegiadas en infraestructuras de TI, y la Detecci\u00f3n y Gesti\u00f3n de Vulnerabilidades de Seguridad de la Informaci\u00f3n. Conozca todos los productos de BeyondTrustLa Cyber Exposure Platform de Tenable le proporciona todo el conocimiento, la investigaci\u00f3n y los datos que necesita para descubrir las debilidades en toda su superficie [&hellip;]\" \/>\n<meta property=\"og:url\" content=\"https:\/\/www.seguridadar.com\/?page_id=97\" \/>\n<meta property=\"og:site_name\" content=\"Seguridad Informatica\" \/>\n<meta property=\"article:modified_time\" content=\"2021-05-22T03:33:25+00:00\" \/>\n<meta name=\"twitter:card\" content=\"summary_large_image\" \/>\n<meta name=\"twitter:label1\" content=\"Est. reading time\" \/>\n\t<meta name=\"twitter:data1\" content=\"11 minutes\" \/>\n<script type=\"application\/ld+json\" class=\"yoast-schema-graph\">{\"@context\":\"https:\\\/\\\/schema.org\",\"@graph\":[{\"@type\":\"WebPage\",\"@id\":\"https:\\\/\\\/www.seguridadar.com\\\/?page_id=97\",\"url\":\"https:\\\/\\\/www.seguridadar.com\\\/?page_id=97\",\"name\":\"Productos - Seguridad Informatica\",\"isPartOf\":{\"@id\":\"https:\\\/\\\/www.seguridadar.com\\\/#website\"},\"datePublished\":\"2018-11-22T18:23:25+00:00\",\"dateModified\":\"2021-05-22T03:33:25+00:00\",\"breadcrumb\":{\"@id\":\"https:\\\/\\\/www.seguridadar.com\\\/?page_id=97#breadcrumb\"},\"inLanguage\":\"en-US\",\"potentialAction\":[{\"@type\":\"ReadAction\",\"target\":[\"https:\\\/\\\/www.seguridadar.com\\\/?page_id=97\"]}]},{\"@type\":\"BreadcrumbList\",\"@id\":\"https:\\\/\\\/www.seguridadar.com\\\/?page_id=97#breadcrumb\",\"itemListElement\":[{\"@type\":\"ListItem\",\"position\":1,\"name\":\"Portada\",\"item\":\"https:\\\/\\\/www.seguridadar.com\\\/\"},{\"@type\":\"ListItem\",\"position\":2,\"name\":\"Productos\"}]},{\"@type\":\"WebSite\",\"@id\":\"https:\\\/\\\/www.seguridadar.com\\\/#website\",\"url\":\"https:\\\/\\\/www.seguridadar.com\\\/\",\"name\":\"Seguridad Informatica\",\"description\":\"Seguridad Informatica\",\"potentialAction\":[{\"@type\":\"SearchAction\",\"target\":{\"@type\":\"EntryPoint\",\"urlTemplate\":\"https:\\\/\\\/www.seguridadar.com\\\/?s={search_term_string}\"},\"query-input\":{\"@type\":\"PropertyValueSpecification\",\"valueRequired\":true,\"valueName\":\"search_term_string\"}}],\"inLanguage\":\"en-US\"}]}<\/script>\n<!-- \/ Yoast SEO plugin. -->","yoast_head_json":{"title":"Productos - Seguridad Informatica","robots":{"index":"index","follow":"follow","max-snippet":"max-snippet:-1","max-image-preview":"max-image-preview:large","max-video-preview":"max-video-preview:-1"},"canonical":"https:\/\/www.seguridadar.com\/?page_id=97","og_locale":"en_US","og_type":"article","og_title":"Productos - Seguridad Informatica","og_description":"PowerBoker lidera la Gesti\u00f3n exitosa de Cuentas Privilegiadas en infraestructuras de TI, y la Detecci\u00f3n y Gesti\u00f3n de Vulnerabilidades de Seguridad de la Informaci\u00f3n. Conozca todos los productos de BeyondTrustLa Cyber Exposure Platform de Tenable le proporciona todo el conocimiento, la investigaci\u00f3n y los datos que necesita para descubrir las debilidades en toda su superficie [&hellip;]","og_url":"https:\/\/www.seguridadar.com\/?page_id=97","og_site_name":"Seguridad Informatica","article_modified_time":"2021-05-22T03:33:25+00:00","twitter_card":"summary_large_image","twitter_misc":{"Est. reading time":"11 minutes"},"schema":{"@context":"https:\/\/schema.org","@graph":[{"@type":"WebPage","@id":"https:\/\/www.seguridadar.com\/?page_id=97","url":"https:\/\/www.seguridadar.com\/?page_id=97","name":"Productos - Seguridad Informatica","isPartOf":{"@id":"https:\/\/www.seguridadar.com\/#website"},"datePublished":"2018-11-22T18:23:25+00:00","dateModified":"2021-05-22T03:33:25+00:00","breadcrumb":{"@id":"https:\/\/www.seguridadar.com\/?page_id=97#breadcrumb"},"inLanguage":"en-US","potentialAction":[{"@type":"ReadAction","target":["https:\/\/www.seguridadar.com\/?page_id=97"]}]},{"@type":"BreadcrumbList","@id":"https:\/\/www.seguridadar.com\/?page_id=97#breadcrumb","itemListElement":[{"@type":"ListItem","position":1,"name":"Portada","item":"https:\/\/www.seguridadar.com\/"},{"@type":"ListItem","position":2,"name":"Productos"}]},{"@type":"WebSite","@id":"https:\/\/www.seguridadar.com\/#website","url":"https:\/\/www.seguridadar.com\/","name":"Seguridad Informatica","description":"Seguridad Informatica","potentialAction":[{"@type":"SearchAction","target":{"@type":"EntryPoint","urlTemplate":"https:\/\/www.seguridadar.com\/?s={search_term_string}"},"query-input":{"@type":"PropertyValueSpecification","valueRequired":true,"valueName":"search_term_string"}}],"inLanguage":"en-US"}]}},"_links":{"self":[{"href":"https:\/\/www.seguridadar.com\/index.php?rest_route=\/wp\/v2\/pages\/97","targetHints":{"allow":["GET"]}}],"collection":[{"href":"https:\/\/www.seguridadar.com\/index.php?rest_route=\/wp\/v2\/pages"}],"about":[{"href":"https:\/\/www.seguridadar.com\/index.php?rest_route=\/wp\/v2\/types\/page"}],"author":[{"embeddable":true,"href":"https:\/\/www.seguridadar.com\/index.php?rest_route=\/wp\/v2\/users\/1"}],"replies":[{"embeddable":true,"href":"https:\/\/www.seguridadar.com\/index.php?rest_route=%2Fwp%2Fv2%2Fcomments&post=97"}],"version-history":[{"count":101,"href":"https:\/\/www.seguridadar.com\/index.php?rest_route=\/wp\/v2\/pages\/97\/revisions"}],"predecessor-version":[{"id":1276,"href":"https:\/\/www.seguridadar.com\/index.php?rest_route=\/wp\/v2\/pages\/97\/revisions\/1276"}],"wp:attachment":[{"href":"https:\/\/www.seguridadar.com\/index.php?rest_route=%2Fwp%2Fv2%2Fmedia&parent=97"}],"curies":[{"name":"wp","href":"https:\/\/api.w.org\/{rel}","templated":true}]}}